{"id":4,"date":"2011-03-24T16:14:27","date_gmt":"2011-03-24T16:14:27","guid":{"rendered":"http:\/\/soens-ferienwohnung.de\/?page_id=4"},"modified":"2014-02-16T14:24:23","modified_gmt":"2014-02-16T14:24:23","slug":"startseite","status":"publish","type":"page","link":"https:\/\/soens-ferienwohnung.de\/","title":{"rendered":"Startseite"},"content":{"rendered":"<p>Herzlich Willkommen in Schmidtheim \u2013 Schmidtheim liegt in der kleinsten Gemeinde von  <img loading=\"lazy\" class=\"size-full wp-image-172 alignright\" title=\"Hausansicht\" src=\"http:\/\/soens-ferienwohnung.de\/wp-content\/uploads\/2011\/03\/fewo-013.jpg\" alt=\"\" width=\"400\" height=\"300\" srcset=\"https:\/\/soens-ferienwohnung.de\/wp-content\/uploads\/2011\/03\/fewo-013.jpg 1024w, https:\/\/soens-ferienwohnung.de\/wp-content\/uploads\/2011\/03\/fewo-013-300x225.jpg 300w, https:\/\/soens-ferienwohnung.de\/wp-content\/uploads\/2011\/03\/fewo-013-150x112.jpg 150w, https:\/\/soens-ferienwohnung.de\/wp-content\/uploads\/2011\/03\/fewo-013-400x300.jpg 400w\" sizes=\"(max-width: 400px) 100vw, 400px\" \/><br \/>\nNordrhein-Westfalen. In der Mitte zwischen Aachen \u2013 K\u00f6ln \u2013 Trier \u2013 Koblenz.<br \/>\nIn unmittelbarer N\u00e4he verlaufen der Eifelsteig und der Eifeler Quellenpfad.<\/p>\n<p>Unsere ger\u00e4umige Nichtraucher \u2013 Ferienwohnung bietet Platz f\u00fcr 1-5 Personen.<br \/>\nSie verf\u00fcgt \u00fcber einen separaten Eingang, eine komplett eingerichtete K\u00fcche mit Essecke,<br \/>\nein Wohnzimmer, ein Schlafzimmer mit Doppelbett und Kinderbett, ein Schlafzimmer mit<br \/>\n2 zusammenstellbaren Einzelbetten und ein Duschbad mit WC. Im Ort gibt es einen B\u00e4cker\/Cafe<br \/>\nRestaurants, Postagentur sowie einen Bahnhof.<\/p>\n<p>Zahlreiche Freizeitm\u00f6glichkeiten erwarten Sie. Wir freuen uns auf Ihren Besuch!<\/p>\n<p>Ihre Familie S\u00f6ns.<\/p>\n","protected":false},"excerpt":{"rendered":"<p>Herzlich Willkommen in Schmidtheim \u2013 Schmidtheim liegt in der kleinsten Gemeinde von Nordrhein-Westfalen. In der Mitte zwischen Aachen \u2013 K\u00f6ln \u2013 Trier \u2013 Koblenz. In unmittelbarer N\u00e4he verlaufen der Eifelsteig und der Eifeler Quellenpfad.<\/p>\n<p>Unsere ger\u00e4umige Nichtraucher \u2013 Ferienwohnung bietet Platz f\u00fcr 1-5 Personen. Sie verf\u00fcgt \u00fcber einen separaten Eingang, eine komplett eingerichtete K\u00fcche mit [&#8230;]<\/p>\n","protected":false},"author":1,"featured_media":0,"parent":0,"menu_order":10,"comment_status":"open","ping_status":"open","template":"","meta":[],"_links":{"self":[{"href":"https:\/\/soens-ferienwohnung.de\/index.php?rest_route=\/wp\/v2\/pages\/4"}],"collection":[{"href":"https:\/\/soens-ferienwohnung.de\/index.php?rest_route=\/wp\/v2\/pages"}],"about":[{"href":"https:\/\/soens-ferienwohnung.de\/index.php?rest_route=\/wp\/v2\/types\/page"}],"author":[{"embeddable":true,"href":"https:\/\/soens-ferienwohnung.de\/index.php?rest_route=\/wp\/v2\/users\/1"}],"replies":[{"embeddable":true,"href":"https:\/\/soens-ferienwohnung.de\/index.php?rest_route=%2Fwp%2Fv2%2Fcomments&post=4"}],"version-history":[{"count":7,"href":"https:\/\/soens-ferienwohnung.de\/index.php?rest_route=\/wp\/v2\/pages\/4\/revisions"}],"predecessor-version":[{"id":175,"href":"https:\/\/soens-ferienwohnung.de\/index.php?rest_route=\/wp\/v2\/pages\/4\/revisions\/175"}],"wp:attachment":[{"href":"https:\/\/soens-ferienwohnung.de\/index.php?rest_route=%2Fwp%2Fv2%2Fmedia&parent=4"}],"curies":[{"name":"wp","href":"https:\/\/api.w.org\/{rel}","templated":true}]}}