{"id":259,"date":"2011-04-18T18:59:21","date_gmt":"2011-04-18T18:59:21","guid":{"rendered":"http:\/\/soens-ferienwohnung.de\/?page_id=259"},"modified":"2019-12-22T14:47:56","modified_gmt":"2019-12-22T14:47:56","slug":"mietpreise","status":"publish","type":"page","link":"https:\/\/soens-ferienwohnung.de\/?page_id=259","title":{"rendered":"Mietpreise"},"content":{"rendered":"<table summary=\"Mietpreise\" cellspacing=\"0\">\n<thead>\n<tr>\n<th style=\"width: 117px;\" scope=\"col\">Beschreibung<\/th>\n<th style=\"width: 78px;\" scope=\"col\">Beginn<\/th>\n<th style=\"width: 88px;\" scope=\"col\">Ende<\/th>\n<th style=\"width: 94px;\" scope=\"col\">pro Woche<\/th>\n<th style=\"width: 142px;\" scope=\"col\">pro Nacht<br \/>\nan Wochentagen<\/th>\n<th style=\"width: 112px;\" scope=\"col\">Wochenende<\/th>\n<th style=\"width: 142px;\" scope=\"col\">pro Nacht<br \/>\nam Wochenende<\/th>\n<th style=\"width: 55px;\" scope=\"col\">Extra-<br \/>\nNacht<\/th>\n<th style=\"width: 91px;\" scope=\"col\">pro Monat<\/th>\n<th style=\"width: 89px;\" scope=\"col\">Mindest-<br \/>\naufenthalt<\/th>\n<\/tr>\n<\/thead>\n<tbody>\n<tr>\n<th style=\"background-color: #ffffff; border: 1px solid #cccccc; width: 117px;\" scope=\"row\"><span style=\"font-size: small; color: #000000;\">Mietpreis in \u20ac<\/span><\/th>\n<td style=\"border: 1px solid #cccccc; background-color: #ffffff; width: 78px;\">1&nbsp;Jan 2020<\/td>\n<td style=\"border: 1px solid #cccccc; background-color: #ffffff; width: 88px;\">31 Dez 2021<\/td>\n<td style=\"border: 1px solid #cccccc; background-color: #ffffff; width: 94px;\">\u20ac 175<\/td>\n<td style=\"border: 1px solid #cccccc; background-color: #ffffff; width: 142px;\">\u20ac 25<\/td>\n<td style=\"border: 1px solid #cccccc; background-color: #ffffff; width: 112px;\">&#8211;<\/td>\n<td style=\"border: 1px solid #cccccc; background-color: #ffffff; width: 142px;\">\u20ac 25<\/td>\n<td style=\"border: 1px solid #cccccc; background-color: #ffffff; width: 55px;\">&#8211;<\/td>\n<td style=\"border: 1px solid #cccccc; background-color: #ffffff; width: 91px;\">&#8211;<\/td>\n<td style=\"border: 1px solid #cccccc; background-color: #ffffff; width: 89px;\">1 Nacht<\/td>\n<\/tr>\n<\/tbody>\n<\/table>\n<p>Bitte beachten Sie gegebenenfalls zus\u00e4tzliche, verbindlich anfallende Mehrkosten. Die Zahlung des Mietpreises ist nur in der&nbsp; angegebenen W\u00e4hrung (Euro) m\u00f6glich. Zahlungen in anderen W\u00e4hrungen m\u00fcssen vorher mit dem Vermieter individuell vereinbart werden.<\/p>\n<h4>Zusatzinformationen zu den Mietpreisen<\/h4>\n<ul>\n<li>Der Mietpreis bezieht sich auf 2 Personen.<br \/>\nDer Mietpreis f\u00fcr 1 Person betr\u00e4gt 20\u20ac pro Tag.<br \/>\nDer Mietpreis f\u00fcr jede weitere Person betr\u00e4gt 8\u20ac pro Tag.<br \/>\nDer Mietpreis f\u00fcr Kinder bis 9 Jahren betr\u00e4gt 5\u20ac pro Tag.<br \/>\nKinder bis 3 Jahren sind frei.<br \/>\nDie Endreinigung betr\u00e4gt 30\u20ac pro Aufenthalt und ist verpflichtend.<br \/>\nBettw\u00e4sche ist im Preis enthalten.<br \/>\nHandt\u00fccher k\u00f6nnen f\u00fcr 3\u20ac pro Set ausgeliehen werden.<\/li>\n<li>Kurtaxe 1\u20ac pro Person und Nacht , Kinder bis 14 Jahre 0,5\u20ac pro Person und Nacht.<\/li>\n<\/ul>\n","protected":false},"excerpt":{"rendered":"<p> Beschreibung Beginn Ende pro Woche pro Nacht an Wochentagen Wochenende pro Nacht am Wochenende Extra- Nacht pro Monat Mindest- aufenthalt Mietpreis in \u20ac 1&nbsp;Jan 2020 31 Dez 2021 \u20ac 175 \u20ac 25 &#8211; \u20ac 25 &#8211; &#8211; 1 Nacht <\/p>\n<p>Bitte beachten Sie gegebenenfalls zus\u00e4tzliche, verbindlich anfallende Mehrkosten. Die Zahlung des Mietpreises ist nur in [&#8230;]<\/p>\n","protected":false},"author":1,"featured_media":0,"parent":0,"menu_order":35,"comment_status":"open","ping_status":"closed","template":"","meta":[],"_links":{"self":[{"href":"https:\/\/soens-ferienwohnung.de\/index.php?rest_route=\/wp\/v2\/pages\/259"}],"collection":[{"href":"https:\/\/soens-ferienwohnung.de\/index.php?rest_route=\/wp\/v2\/pages"}],"about":[{"href":"https:\/\/soens-ferienwohnung.de\/index.php?rest_route=\/wp\/v2\/types\/page"}],"author":[{"embeddable":true,"href":"https:\/\/soens-ferienwohnung.de\/index.php?rest_route=\/wp\/v2\/users\/1"}],"replies":[{"embeddable":true,"href":"https:\/\/soens-ferienwohnung.de\/index.php?rest_route=%2Fwp%2Fv2%2Fcomments&post=259"}],"version-history":[{"count":20,"href":"https:\/\/soens-ferienwohnung.de\/index.php?rest_route=\/wp\/v2\/pages\/259\/revisions"}],"predecessor-version":[{"id":327,"href":"https:\/\/soens-ferienwohnung.de\/index.php?rest_route=\/wp\/v2\/pages\/259\/revisions\/327"}],"wp:attachment":[{"href":"https:\/\/soens-ferienwohnung.de\/index.php?rest_route=%2Fwp%2Fv2%2Fmedia&parent=259"}],"curies":[{"name":"wp","href":"https:\/\/api.w.org\/{rel}","templated":true}]}}