{"id":11,"date":"2011-03-24T16:19:24","date_gmt":"2011-03-24T16:19:24","guid":{"rendered":"http:\/\/soens-ferienwohnung.de\/?page_id=11"},"modified":"2019-07-17T08:43:12","modified_gmt":"2019-07-17T08:43:12","slug":"ausstattung","status":"publish","type":"page","link":"https:\/\/soens-ferienwohnung.de\/?page_id=11","title":{"rendered":"Ausstattung"},"content":{"rendered":"<p>Allgemein:<\/p>\n<ul>\n<li>Wohnfl\u00e4che: 76m\u00b2<\/li>\n<li>Bettw\u00e4sche<\/li>\n<li>Toilettenpapier<\/li>\n<li>Freizeitf\u00fchrer der Region<\/li>\n<li>Seife<\/li>\n<li>Wecker<\/li>\n<li>K\u00fcchenrolle<\/li>\n<\/ul>\n<p>K\u00fcche:<\/p>\n<ul>\n<li>K\u00fchlschrank<\/li>\n<li>Gefrierfach<\/li>\n<li>Mikrowelle<\/li>\n<li>Mixer<\/li>\n<li>Gew\u00fcrze<\/li>\n<li>Backofen<\/li>\n<li>Kaffeemaschine<\/li>\n<li>Kochutensilien<\/li>\n<li>Toaster<\/li>\n<li>B\u00fcgelbrett und -eisen<\/li>\n<li>Geschirrsp\u00fclmaschine<\/li>\n<li>Kochfeld<\/li>\n<\/ul>\n<p>Essgelegenheit:<\/p>\n<ul>\n<li>Essbereich<\/li>\n<li>Kinderhochstuhl<\/li>\n<li>Sitzm\u00f6glichkeiten f\u00fcr 6 Personen<\/li>\n<\/ul>\n<p>Badezimmer:<\/p>\n<ul>\n<li>Badezimmer mit WC und Dusche<\/li>\n<\/ul>\n<p>Schlafzimmer:<\/p>\n<ul>\n<li>2 Schlafzimmer, Schlafm\u00f6glichkeiten f\u00fcr 5 Personen<\/li>\n<li>Schlafzimmer 1: 1 Doppelbett, auf Wunsch 1 Kinderbett<br \/>\nSchlafzimmer 2: 2 Einzelbetten<\/li>\n<li>In Schlafzimmer 1 kann wahlweise 1 Kinderbett und Wickelkommode oder ein zus\u00e4tzliches Einzelbett stehen. Wird beides ben\u00f6tigt (6 Personen) wird es nat\u00fcrlich etwas eng im Raum.<\/li>\n<\/ul>\n<p>Unterhaltung:<\/p>\n<ul>\n<li>Brettspiele f\u00fcr Erwachsene<\/li>\n<li>Fernseher<\/li>\n<li>Radio<\/li>\n<li>Satelliten-\/Kabel-TV<\/li>\n<li>Brettspiele f\u00fcr Kinder<\/li>\n<li>CD-Player<\/li>\n<\/ul>\n<p>Au\u00dfenbereich:<\/p>\n<ul>\n<li>Holzkohlegrill im Freien<\/li>\n<li>Terrasse<\/li>\n<li>Parkm\u00f6glichkeit am Grundst\u00fcck<\/li>\n<li>Au\u00dfengrill<\/li>\n<li>Garten<\/li>\n<li>6 Gartenst\u00fchle<\/li>\n<li>das weitl\u00e4ufige Grundst\u00fcck&nbsp; kann gerne mitbenutzt werden.<\/li>\n<\/ul>\n<p>Sonstiges:<\/p>\n<ul>\n<li>Haustiere nicht erw\u00fcnscht!<\/li>\n<li>Geeignet f\u00fcr Senioren<\/li>\n<li>Langzeitmieter willkommen<\/li>\n<li>F\u00fcr Kinder geeignet<\/li>\n<li>Nichtraucherdomizil<\/li>\n<li>Reizarme Umgebung f\u00fcr Allergiker<\/li>\n<\/ul>\n<p>Sport- und Freizeitm\u00f6glichkeiten vor Ort oder in der n\u00e4heren Umgebung (siehe auch Freizeitangebote):<\/p>\n<ul>\n<li>Wandern<\/li>\n<li>Angeln<\/li>\n<li>Baden<\/li>\n<li>Fahrradfahren<\/li>\n<li>Mountainbiking<\/li>\n<li>Tennis<\/li>\n<li>Reiten<\/li>\n<li>Skilaufen<\/li>\n<\/ul>\n","protected":false},"excerpt":{"rendered":"<p>Allgemein:<\/p>\n<p> Wohnfl\u00e4che: 76m\u00b2 Bettw\u00e4sche Toilettenpapier Freizeitf\u00fchrer der Region Seife Wecker K\u00fcchenrolle <\/p>\n<p>K\u00fcche:<\/p>\n<p> K\u00fchlschrank Gefrierfach Mikrowelle Mixer Gew\u00fcrze Backofen Kaffeemaschine Kochutensilien Toaster B\u00fcgelbrett und -eisen Geschirrsp\u00fclmaschine Kochfeld <\/p>\n<p>Essgelegenheit:<\/p>\n<p> Essbereich Kinderhochstuhl Sitzm\u00f6glichkeiten f\u00fcr 6 Personen <\/p>\n<p>Badezimmer:<\/p>\n<p> Badezimmer mit WC und Dusche <\/p>\n<p>Schlafzimmer:<\/p>\n<p> 2 Schlafzimmer, Schlafm\u00f6glichkeiten f\u00fcr 5 Personen Schlafzimmer 1: 1 Doppelbett, auf Wunsch 1 Kinderbett Schlafzimmer [&#8230;]<\/p>\n","protected":false},"author":1,"featured_media":0,"parent":0,"menu_order":30,"comment_status":"open","ping_status":"closed","template":"","meta":[],"_links":{"self":[{"href":"https:\/\/soens-ferienwohnung.de\/index.php?rest_route=\/wp\/v2\/pages\/11"}],"collection":[{"href":"https:\/\/soens-ferienwohnung.de\/index.php?rest_route=\/wp\/v2\/pages"}],"about":[{"href":"https:\/\/soens-ferienwohnung.de\/index.php?rest_route=\/wp\/v2\/types\/page"}],"author":[{"embeddable":true,"href":"https:\/\/soens-ferienwohnung.de\/index.php?rest_route=\/wp\/v2\/users\/1"}],"replies":[{"embeddable":true,"href":"https:\/\/soens-ferienwohnung.de\/index.php?rest_route=%2Fwp%2Fv2%2Fcomments&post=11"}],"version-history":[{"count":3,"href":"https:\/\/soens-ferienwohnung.de\/index.php?rest_route=\/wp\/v2\/pages\/11\/revisions"}],"predecessor-version":[{"id":322,"href":"https:\/\/soens-ferienwohnung.de\/index.php?rest_route=\/wp\/v2\/pages\/11\/revisions\/322"}],"wp:attachment":[{"href":"https:\/\/soens-ferienwohnung.de\/index.php?rest_route=%2Fwp%2Fv2%2Fmedia&parent=11"}],"curies":[{"name":"wp","href":"https:\/\/api.w.org\/{rel}","templated":true}]}}